{"id":5873,"date":"2023-03-30T19:25:56","date_gmt":"2023-03-30T17:25:56","guid":{"rendered":"https:\/\/tommy-mentality.com\/?page_id=5873"},"modified":"2026-04-01T23:39:30","modified_gmt":"2026-04-01T21:39:30","slug":"datenschutz","status":"publish","type":"page","link":"https:\/\/fine-time-business.de\/es\/datenschutz\/","title":{"rendered":"Protecci\u00f3n de datos"},"content":{"rendered":"<div data-elementor-type=\"wp-page\" data-elementor-id=\"5873\" class=\"elementor elementor-5873\">\n\t\t\t\t\t\t<section class=\"elementor-section elementor-top-section elementor-element elementor-element-7cd843c8 elementor-section-boxed elementor-section-height-default elementor-section-height-default\" data-id=\"7cd843c8\" data-element_type=\"section\">\n\t\t\t\t\t\t<div class=\"elementor-container elementor-column-gap-default\">\n\t\t\t\t\t<div class=\"elementor-column elementor-col-100 elementor-top-column elementor-element elementor-element-59488037\" data-id=\"59488037\" data-element_type=\"column\">\n\t\t\t<div class=\"elementor-widget-wrap elementor-element-populated\">\n\t\t\t\t\t\t<div class=\"elementor-element elementor-element-5b82b170 elementor-widget elementor-widget-text-editor\" data-id=\"5b82b170\" data-element_type=\"widget\" data-widget_type=\"text-editor.default\">\n\t\t\t\t<div class=\"elementor-widget-container\">\n\t\t\t\t\t\t\t\t\t<h3 data-start=\"464\" data-end=\"498\">1. la protecci\u00f3n de datos de un vistazo<\/h3><h4 data-start=\"500\" data-end=\"526\">Indicaciones generales<\/h4><p data-start=\"527\" data-end=\"761\">La protecci\u00f3n de sus datos personales es importante para nosotros.<br data-start=\"579\" data-end=\"582\" \/>A continuaci\u00f3n, le ofrecemos una visi\u00f3n general clara de lo que sucede con sus datos personales cuando utiliza nuestro sitio web o se registra para un evento.<\/p><p data-start=\"763\" data-end=\"889\">Los datos personales son todos aquellos con los que se le puede identificar personalmente (por ejemplo, nombre o direcci\u00f3n de correo electr\u00f3nico).<\/p><p data-start=\"891\" data-end=\"988\">Encontrar\u00e1 informaci\u00f3n detallada en la declaraci\u00f3n de privacidad completa en esta p\u00e1gina.<\/p><hr data-start=\"990\" data-end=\"993\" \/><h4 data-start=\"995\" data-end=\"1035\">Recopilaci\u00f3n de datos en este sitio web<\/h4><p data-start=\"1037\" data-end=\"1147\"><strong data-start=\"1037\" data-end=\"1087\">\u00bfQui\u00e9n es responsable de la recopilaci\u00f3n de datos?<\/strong><br data-start=\"1087\" data-end=\"1090\" \/>El procesamiento de datos lo lleva a cabo el operador del sitio web:<\/p><p data-start=\"1149\" data-end=\"1248\"><strong data-start=\"1149\" data-end=\"1176\">Fine Time Business Club<\/strong><br data-start=\"1176\" data-end=\"1179\" \/>T\u00f6lzer Str. 1<br data-start=\"1192\" data-end=\"1195\" \/>82031 Gr\u00fcnwald<br data-start=\"1209\" data-end=\"1212\" \/>Correo electr\u00f3nico:\u00a0<a class=\"decorated-link cursor-pointer\" rel=\"noopener\" data-start=\"1220\" data-end=\"1246\">info@fine-time-business.de<\/a><\/p><p data-start=\"1250\" data-end=\"1361\"><strong data-start=\"1250\" data-end=\"1282\">\u00bfC\u00f3mo recopilamos sus datos?<\/strong><br data-start=\"1282\" data-end=\"1285\" \/>Sus datos se recopilan cuando nos los comunica activamente, por ejemplo, a trav\u00e9s de:<\/p><ul data-start=\"1362\" data-end=\"1424\"><li data-start=\"1362\" data-end=\"1392\"><p data-start=\"1364\" data-end=\"1392\">El registro para un evento<\/p><\/li><li data-start=\"1393\" data-end=\"1424\"><p data-start=\"1395\" data-end=\"1424\">el rellenar un formulario<\/p><\/li><\/ul><p data-start=\"1426\" data-end=\"1567\">Adem\u00e1s, al visitar el sitio web, se recopilan autom\u00e1ticamente datos t\u00e9cnicos (por ejemplo, tipo de navegador, sistema operativo, hora de la visita).<\/p><hr data-start=\"1569\" data-end=\"1572\" \/><h4 data-start=\"1574\" data-end=\"1609\">\u00bfPara qu\u00e9 utilizamos sus datos?<\/h4><p data-start=\"1610\" data-end=\"1660\">Sus datos personales se utilizar\u00e1n para:<\/p><ul data-start=\"1661\" data-end=\"1878\"><li data-start=\"1661\" data-end=\"1699\"><p data-start=\"1663\" data-end=\"1699\">Editar su registro de evento<\/p><\/li><li data-start=\"1700\" data-end=\"1725\"><p data-start=\"1702\" data-end=\"1725\">procesar pagos<\/p><\/li><li data-start=\"1726\" data-end=\"1804\"><p data-start=\"1728\" data-end=\"1804\">Enviarle confirmaciones e informaci\u00f3n organizativa sobre el acontecimiento<\/p><\/li><li data-start=\"1805\" data-end=\"1878\"><p data-start=\"1807\" data-end=\"1878\">asegurar una entrega t\u00e9cnicamente impecable del sitio web<\/p><\/li><\/ul><p data-start=\"1880\" data-end=\"1972\">El an\u00e1lisis de su comportamiento de usuario solo se realizar\u00e1 si usted ha dado su consentimiento expreso.<\/p><hr data-start=\"1974\" data-end=\"1977\" \/><h4 data-start=\"1979\" data-end=\"2010\">\u00bfQu\u00e9 derechos tienes?<\/h4><p data-start=\"2011\" data-end=\"2041\">Tiene derecho a hacerlo en cualquier momento:<\/p><ul data-start=\"2042\" data-end=\"2291\"><li data-start=\"2042\" data-end=\"2088\"><p data-start=\"2044\" data-end=\"2088\">sobre informaci\u00f3n de sus datos almacenados<\/p><\/li><li data-start=\"2089\" data-end=\"2123\"><p data-start=\"2091\" data-end=\"2123\">a correcci\u00f3n o eliminaci\u00f3n<\/p><\/li><li data-start=\"2124\" data-end=\"2162\"><p data-start=\"2126\" data-end=\"2162\">a la limitaci\u00f3n del tratamiento<\/p><\/li><li data-start=\"2163\" data-end=\"2204\"><p data-start=\"2165\" data-end=\"2204\">Consentimientos revocables<\/p><\/li><li data-start=\"2205\" data-end=\"2233\"><p data-start=\"2207\" data-end=\"2233\">sobre la portabilidad de datos<\/p><\/li><li data-start=\"2234\" data-end=\"2291\"><p data-start=\"2236\" data-end=\"2291\">presentar una reclamaci\u00f3n ante una autoridad de control competente<\/p><\/li><\/ul><p data-start=\"2293\" data-end=\"2344\">Si tiene alguna pregunta, no dude en ponerse en contacto con nosotros.<\/p><hr data-start=\"2346\" data-end=\"2349\" \/><h3 data-start=\"2351\" data-end=\"2398\">2. Bases jur\u00eddicas del tratamiento de datos<\/h3><p data-start=\"2399\" data-end=\"2492\">Sus datos personales se procesan sobre la base del GDPR, en particular<\/p><ul data-start=\"2494\" data-end=\"2746\"><li data-start=\"2494\" data-end=\"2543\"><p data-start=\"2496\" data-end=\"2543\"><strong data-start=\"2496\" data-end=\"2526\">Art\u00edculo 6, apartado 1, letra a) del RGPD<\/strong>\u00a0Consentimiento<\/p><\/li><li data-start=\"2544\" data-end=\"2622\"><p data-start=\"2546\" data-end=\"2622\"><strong data-start=\"2546\" data-end=\"2576\">Art. 6 Apdo. 1 letra b RGPD<\/strong>\u00a0- Cumplimiento de contratos (por ejemplo, participaci\u00f3n en eventos)<\/p><\/li><li data-start=\"2623\" data-end=\"2686\"><p data-start=\"2625\" data-end=\"2686\"><strong data-start=\"2625\" data-end=\"2655\">Art\u00edculo 6, apartado 1, letra c) del RGPD<\/strong>\u00a0obligaciones legales<\/p><\/li><li data-start=\"2687\" data-end=\"2746\"><p data-start=\"2689\" data-end=\"2746\"><strong data-start=\"2689\" data-end=\"2719\">Art\u00edculo 6, apartado 1, letra f) del RGPD<\/strong>\u00a0\u2013 Interesse leg\u00edtimo<\/p><\/li><\/ul><p data-start=\"2748\" data-end=\"2823\">Puede revocar un consentimiento otorgado en cualquier momento para el futuro.<\/p><hr data-start=\"2825\" data-end=\"2828\" \/><h3 data-start=\"2830\" data-end=\"2852\">3. Duraci\u00f3n del almacenamiento<\/h3><p data-start=\"2853\" data-end=\"3015\">Sus datos personales solo se almacenar\u00e1n durante el tiempo necesario para el prop\u00f3sito en cuesti\u00f3n o mientras existan obligaciones legales de conservaci\u00f3n.<\/p><hr data-start=\"3017\" data-end=\"3020\" \/><h3 data-start=\"3022\" data-end=\"3057\">4. Alojamiento y archivos de registro del servidor<\/h3><p class=\"isSelectedEnd\">Nuestro sitio web est\u00e1 alojado con el siguiente proveedor:<\/p><p class=\"isSelectedEnd\">ALL-INKL.COM \u2013 Neue Medien M\u00fcnnich<br \/>Calle Mayor 68<br \/>02742 Friedersdorf<br \/>Alemania<\/p><p class=\"isSelectedEnd\">Al visitar nuestro sitio web, el proveedor de alojamiento recopila autom\u00e1ticamente informaci\u00f3n t\u00e9cnica en los llamados archivos de registro del servidor.<\/p><p class=\"isSelectedEnd\">Esto incluye, en particular:<\/p><ul data-spread=\"false\"><li>Tipo de navegador y versi\u00f3n del navegador<\/li><li>Sistema operativo utilizado<\/li><li>URL de referencia<\/li><li>Nombre de host del equipo que accede<\/li><li>Hora de la solicitud del servidor<\/li><li>Direcci\u00f3n IP<\/li><\/ul><p class=\"isSelectedEnd\">La recopilaci\u00f3n de estos datos se realiza para la provisi\u00f3n t\u00e9cnicamente libre de errores, estabilidad y seguridad del sitio web.<\/p><p>La base legal es el art\u00edculo 6, apartado 1, letra f) del RGPD (inter\u00e9s leg\u00edtimo en el funcionamiento seguro y estable del sitio web).<\/p><hr data-start=\"3017\" data-end=\"3020\" \/><h3><strong>5. <\/strong><strong>Cookies t\u00e9cnicamente necesarios y plugins utilizados<\/strong><\/h3><p>Para proporcionar el \u00e1rea de miembros protegida, las funciones de inicio de sesi\u00f3n, los env\u00edos de formularios, el control por voz, los elementos de visualizaci\u00f3n de Elementor y la reserva de eventos, utilizamos cookies t\u00e9cnicamente necesarias, almacenamiento de sesi\u00f3n y tecnolog\u00edas de almacenamiento comparables.<\/p><p>Esto afecta en particular a las funciones relacionadas con:<\/p><ul><li><p>el \u00e1rea de miembros y el inicio de sesi\u00f3n<\/p><\/li><li><p>Protecci\u00f3n de acceso y seguridad de contrase\u00f1as<\/p><\/li><li><p>Formularios y registros de eventos<\/p><\/li><li><p>Cambio de idioma del sitio web<\/p><\/li><li><p>Elementos de visualizaci\u00f3n y ventanas emergentes de Elementor<\/p><\/li><li><p>Procesamiento de pagos con PayPal<\/p><\/li><\/ul><p>La base legal es el art\u00edculo 6, apartado 1, letra f) del RGPD y el \u00a7 25, apartado 2 de la TDDDG.<\/p><p>Si se establecen cookies adicionales a trav\u00e9s de funciones de pago externas o de terceros, esto solo se producir\u00e1 en el contexto del uso espec\u00edfico por parte del usuario.<\/p><hr data-start=\"3017\" data-end=\"3020\" \/><h3 data-start=\"3022\" data-end=\"3057\">6. Cifrado SSL\/TLS<\/h3><p data-start=\"3058\" data-end=\"3240\">Este sitio web utiliza cifrado SSL o TLS por motivos de seguridad.<br data-start=\"3136\" data-end=\"3139\" \/>Puede reconocer una conexi\u00f3n cifrada por \u201ehttps:\/\/\u201c y el icono de candado en la barra de direcciones del navegador.<\/p><hr data-start=\"3017\" data-end=\"3020\" \/><h3 data-start=\"3022\" data-end=\"3057\">7. Funci\u00f3n de networking en el Fine Time Business Club<\/h3><p data-start=\"936\" data-end=\"1085\">Los miembros del Fine Time Business Club tienen la posibilidad de enviar solicitudes de contacto a otros miembros a trav\u00e9s de una funci\u00f3n de red interna.<\/p><h5 data-start=\"1087\" data-end=\"1115\">Finalidad del tratamiento<\/h5><p data-start=\"1116\" data-end=\"1169\">El procesamiento de datos personales se realiza para:<\/p><ul data-start=\"1171\" data-end=\"1452\"><li data-start=\"1171\" data-end=\"1230\"><p data-start=\"1173\" data-end=\"1230\">Permitir solicitudes de conexi\u00f3n entre miembros<\/p><\/li><li data-start=\"1231\" data-end=\"1311\"><p data-start=\"1233\" data-end=\"1311\">llevar a cabo el intercambio de datos de contacto tras la aprobaci\u00f3n de ambas partes<\/p><\/li><li data-start=\"1312\" data-end=\"1372\"><p data-start=\"1314\" data-end=\"1372\">enviar notificaciones del sistema por correo electr\u00f3nico<\/p><\/li><li data-start=\"1373\" data-end=\"1452\"><p data-start=\"1375\" data-end=\"1452\">garantizar un procesamiento seguro y rastreable de la interconexi\u00f3n<\/p><\/li><\/ul><h5 data-start=\"1454\" data-end=\"1492\">\u00bfQu\u00e9 datos se procesan?<\/h5><p data-start=\"1493\" data-end=\"1574\">Los siguientes datos en particular se procesan como parte de la funci\u00f3n de red:<\/p><ul data-start=\"1576\" data-end=\"1809\"><li data-start=\"1576\" data-end=\"1618\"><p data-start=\"1578\" data-end=\"1618\">Nombre y, si procede, imagen de perfil del miembro<\/p><\/li><li data-start=\"1619\" data-end=\"1637\"><p data-start=\"1621\" data-end=\"1637\">Direcci\u00f3n de correo electr\u00f3nico<\/p><\/li><li data-start=\"1638\" data-end=\"1721\"><p data-start=\"1640\" data-end=\"1721\">Datos de la empresa y del perfil que el miembro ingresa voluntariamente en su perfil<\/p><\/li><li data-start=\"1722\" data-end=\"1809\"><p data-start=\"1724\" data-end=\"1809\">Momento y estado de la solicitud de red (por ejemplo, solicitada, confirmada, rechazada)<\/p><\/li><\/ul><h5 data-start=\"1811\" data-end=\"1837\">Compartir datos<\/h5><p data-start=\"1838\" data-end=\"1932\">una divulgaci\u00f3n de datos personales a otros miembros\u00a0<strong data-start=\"1907\" data-end=\"1925\">exclusivamente<\/strong>, cuando:<\/p><ul data-start=\"1934\" data-end=\"2051\"><li data-start=\"1934\" data-end=\"1983\"><p data-start=\"1936\" data-end=\"1983\">se ha confirmado activamente una solicitud de conexi\u00f3n<\/p><\/li><li data-start=\"1984\" data-end=\"2051\"><p data-start=\"1986\" data-end=\"2051\">ambas partes hayan consentido expresamente en el intercambio<\/p><\/li><\/ul><p data-start=\"2053\" data-end=\"2093\">No se facilitar\u00e1 a terceros.<\/p><h5 data-start=\"2095\" data-end=\"2120\">Env\u00edo de correos electr\u00f3nicos<\/h5><p data-start=\"2121\" data-end=\"2219\">En relaci\u00f3n con la funci\u00f3n de redacci\u00f3n, se env\u00edan correos electr\u00f3nicos automatizados, en particular:<\/p><ul data-start=\"2221\" data-end=\"2396\"><li data-start=\"2221\" data-end=\"2273\"><p data-start=\"2223\" data-end=\"2273\">Notificaciones sobre nuevas solicitudes de conexi\u00f3n<\/p><\/li><li data-start=\"2274\" data-end=\"2332\"><p data-start=\"2276\" data-end=\"2332\">Confirmaciones o rechazos de solicitudes de conexi\u00f3n<\/p><\/li><li data-start=\"2333\" data-end=\"2396\"><p data-start=\"2335\" data-end=\"2396\">Env\u00edo de informaci\u00f3n de contacto tras una conexi\u00f3n exitosa<\/p><\/li><\/ul><p data-start=\"2398\" data-end=\"2500\">Estos correos electr\u00f3nicos son para uso exclusivo de las funciones del club y representan\u00a0<strong data-start=\"2478\" data-end=\"2495\">sin publicidad<\/strong>\u00a0dar.<\/p><h5 data-start=\"2502\" data-end=\"2523\">Base legal<\/h5><p data-start=\"2524\" data-end=\"2567\">El procesamiento se basa en:<\/p><ul data-start=\"2569\" data-end=\"2764\"><li data-start=\"2569\" data-end=\"2657\"><p data-start=\"2571\" data-end=\"2657\"><strong data-start=\"2571\" data-end=\"2601\">Art. 6 Apdo. 1 letra b RGPD<\/strong>\u00a0(Cumplimiento del contrato \u2013 Uso de la membres\u00eda del club)<\/p><\/li><li data-start=\"2658\" data-end=\"2764\"><p data-start=\"2660\" data-end=\"2764\"><strong data-start=\"2660\" data-end=\"2690\">Art\u00edculo 6, apartado 1, letra f) del RGPD<\/strong>\u00a0(inter\u00e9s leg\u00edtimo en una plataforma de red funcional)<\/p><\/li><\/ul><h5 data-start=\"2766\" data-end=\"2785\">Duraci\u00f3n del almacenamiento<\/h5><p data-start=\"2786\" data-end=\"2844\">Los datos de las consultas de red se almacenan siempre que:<\/p><ul data-start=\"2846\" data-end=\"3007\"><li data-start=\"2846\" data-end=\"2881\"><p data-start=\"2848\" data-end=\"2881\">la membres\u00eda del club existe<\/p><\/li><li data-start=\"2882\" data-end=\"3007\"><p data-start=\"2884\" data-end=\"3007\">o hasta que un miembro solicite la eliminaci\u00f3n de sus datos, siempre que no existan obligaciones legales de conservaci\u00f3n que lo impidan<\/p><\/li><\/ul><hr data-start=\"3017\" data-end=\"3020\" \/><h3 data-start=\"3022\" data-end=\"3057\">8. Comunidad de WhatsApp del Fine Time Business Club<\/h3><p data-start=\"368\" data-end=\"577\">Los miembros del Fine Time Business Club tienen la oportunidad de unirse a una comunidad voluntaria de WhatsApp para intercambiar ideas con otros miembros y recibir informaci\u00f3n sobre las actividades del club.<\/p><h5 data-start=\"579\" data-end=\"605\"><strong data-start=\"579\" data-end=\"605\">Finalidad del tratamiento<\/strong><\/h5><p data-start=\"607\" data-end=\"654\">La comunidad de WhatsApp sirve principalmente para:<\/p><p data-start=\"656\" data-end=\"838\">Compartir informaci\u00f3n sobre eventos y actividades del club<br data-start=\"710\" data-end=\"713\" \/>facilitar la interacci\u00f3n entre los miembros<br data-start=\"762\" data-end=\"765\" \/>Facilitar contactos comerciales y referencias dentro de la red.<\/p><h5 data-start=\"840\" data-end=\"853\"><strong data-start=\"840\" data-end=\"853\">Participaci\u00f3n<\/strong><\/h5><p data-start=\"855\" data-end=\"967\">La participaci\u00f3n en la comunidad de WhatsApp es voluntaria. La adhesi\u00f3n se realiza a trav\u00e9s de un enlace de invitaci\u00f3n externo.<\/p><h5 data-start=\"969\" data-end=\"1005\"><strong data-start=\"969\" data-end=\"1005\">Procesamiento de datos por WhatsApp<\/strong><\/h5><p data-start=\"1007\" data-end=\"1114\">Al unirse a la comunidad de WhatsApp, se establece una conexi\u00f3n con el servicio de WhatsApp. El proveedor es:<\/p><p data-start=\"1116\" data-end=\"1205\">WhatsApp Irlanda Limitada<br data-start=\"1140\" data-end=\"1143\" \/>4 Grand Canal Square<br data-start=\"1163\" data-end=\"1166\" \/>Puerto del Gran Canal<br data-start=\"1185\" data-end=\"1188\" \/>Dubl\u00edn 2<br data-start=\"1196\" data-end=\"1199\" \/>Irlanda<\/p><p data-start=\"1207\" data-end=\"1257\">En este proceso, se pueden utilizar datos personales, en particular:<\/p><p data-start=\"1259\" data-end=\"1339\">Su n\u00famero de tel\u00e9fono<br data-start=\"1277\" data-end=\"1280\" \/>Tu nombre de perfil de WhatsApp<br data-start=\"1303\" data-end=\"1306\" \/>Tu foto de perfil (si tienes una)<\/p><p data-start=\"1341\" data-end=\"1393\">que se transmiten por WhatsApp y se procesan all\u00ed.<\/p><p data-start=\"1395\" data-end=\"1521\">Por favor, ten en cuenta que dentro del grupo de WhatsApp, tu n\u00famero de tel\u00e9fono puede ser visible para otros miembros del grupo.<\/p><p data-start=\"1523\" data-end=\"1604\">No tenemos control total sobre el procesamiento de datos por parte de WhatsApp.<\/p><p data-start=\"1606\" data-end=\"1722\">M\u00e1s informaci\u00f3n sobre el tratamiento de datos en WhatsApp se encuentra en:<br data-start=\"1674\" data-end=\"1677\" \/><a class=\"decorated-link\" href=\"https:\/\/www.whatsapp.com\/legal\/privacy-policy\" target=\"_new\" rel=\"noopener\" data-start=\"1677\" data-end=\"1722\">https:\/\/www.whatsapp.com\/legal\/privacy-policy<\/a><\/p><p data-start=\"1724\" data-end=\"1743\"><strong data-start=\"1724\" data-end=\"1743\">Base legal<\/strong><\/p><p data-start=\"1745\" data-end=\"1882\">El uso de la comunidad de WhatsApp se basa en su decisi\u00f3n voluntaria de conformidad con el art\u00edculo 6, apartado 1, letra a) del RGPD (consentimiento).<\/p><p data-start=\"1884\" data-end=\"1923\"><strong data-start=\"1884\" data-end=\"1923\">Salir de la comunidad de WhatsApp<\/strong><\/p><p data-start=\"1925\" data-end=\"2079\">Usted puede abandonar el grupo de WhatsApp de forma independiente en cualquier momento. En este caso, no procesaremos m\u00e1s datos en el marco de la comunidad.<\/p><hr data-start=\"3017\" data-end=\"3020\" \/><h3><strong>9. Procesamiento de pagos con PayPal<\/strong><\/h3><p>Para el procesamiento de pagos de reservas de eventos, utilizamos PayPal. El proveedor es:<\/p><p>PayPal (Europe) S.\u00e0 r.l. et Cie, S.C.A.<br \/>22\u201324 Boulevard Royal<br \/>L-2449 Luxemburgo<\/p><p>Al seleccionar la forma de pago, se transmitir\u00e1n a PayPal los datos personales necesarios para el pago.<\/p><p>Esto incluye, en particular:<\/p><ul><li><p>Nombre<\/p><\/li><li><p>Direcci\u00f3n de correo electr\u00f3nico<\/p><\/li><li><p>Monto de pago<\/p><\/li><li><p>Detalles de la reserva<\/p><\/li><li><p>Informaci\u00f3n de pago<\/p><\/li><\/ul><p>La transmisi\u00f3n de datos se realiza exclusivamente a efectos de procesamiento de pagos y sobre la base del art\u00edculo 6, apartado 1, letra b del RGPD (cumplimiento de un contrato).<a title=\"Actualizaciones de pol\u00edticas\" href=\"https:\/\/www.paypal.com\/de\/legalhub\/paypal\/upcoming-policies-full?locale.x=en_DE&amp;utm_source=chatgpt.com\" target=\"_blank\" rel=\"noopener\">PayPal<\/a>)<\/p><p>Ver m\u00e1s informaci\u00f3n en la Pol\u00edtica de privacidad de PayPal:<br \/><a href=\"https:\/\/www.paypal.com\/de\/legal\/privacy-full\" target=\"_blank\" rel=\"noopener\">https:\/\/www.paypal.com\/de\/legal\/privacy-full<\/a><\/p>\t\t\t\t\t\t\t\t<\/div>\n\t\t\t\t<\/div>\n\t\t\t\t\t<\/div>\n\t\t<\/div>\n\t\t\t\t\t<\/div>\n\t\t<\/section>\n\t\t\t\t<\/div>","protected":false},"excerpt":{"rendered":"<p>1. Datenschutz auf einen Blick Allgemeine Hinweise Der Schutz Ihrer pers\u00f6nlichen Daten ist uns wichtig.Nachfolgend erhalten Sie einen \u00fcbersichtlichen \u00dcberblick dar\u00fcber, was mit Ihren personenbezogenen Daten passiert, wenn Sie unsere Website nutzen oder sich zu einem Event anmelden. Personenbezogene Daten sind alle Daten, mit denen Sie pers\u00f6nlich identifiziert werden k\u00f6nnen (z. B. Name oder E-Mail-Adresse). [&hellip;]<\/p>\n","protected":false},"author":1,"featured_media":0,"parent":0,"menu_order":0,"comment_status":"closed","ping_status":"closed","template":"","meta":{"_acf_changed":false,"footnotes":""},"class_list":["post-5873","page","type-page","status-publish","hentry"],"acf":[],"_links":{"self":[{"href":"https:\/\/fine-time-business.de\/es\/wp-json\/wp\/v2\/pages\/5873","targetHints":{"allow":["GET"]}}],"collection":[{"href":"https:\/\/fine-time-business.de\/es\/wp-json\/wp\/v2\/pages"}],"about":[{"href":"https:\/\/fine-time-business.de\/es\/wp-json\/wp\/v2\/types\/page"}],"author":[{"embeddable":true,"href":"https:\/\/fine-time-business.de\/es\/wp-json\/wp\/v2\/users\/1"}],"replies":[{"embeddable":true,"href":"https:\/\/fine-time-business.de\/es\/wp-json\/wp\/v2\/comments?post=5873"}],"version-history":[{"count":10,"href":"https:\/\/fine-time-business.de\/es\/wp-json\/wp\/v2\/pages\/5873\/revisions"}],"predecessor-version":[{"id":15891,"href":"https:\/\/fine-time-business.de\/es\/wp-json\/wp\/v2\/pages\/5873\/revisions\/15891"}],"wp:attachment":[{"href":"https:\/\/fine-time-business.de\/es\/wp-json\/wp\/v2\/media?parent=5873"}],"curies":[{"name":"wp","href":"https:\/\/api.w.org\/{rel}","templated":true}]}}